{"id":17,"date":"2023-06-13T19:40:26","date_gmt":"2023-06-13T22:40:26","guid":{"rendered":"https:\/\/holiverbrass.com.br\/?page_id=17"},"modified":"2023-07-05T15:49:26","modified_gmt":"2023-07-05T18:49:26","slug":"sobre-nos","status":"publish","type":"page","link":"https:\/\/holiverbrass.com.br\/es\/sobre-nos\/","title":{"rendered":"Sobre nosotros"},"content":{"rendered":"<div data-elementor-type=\"wp-page\" data-elementor-id=\"17\" class=\"elementor elementor-17\" data-elementor-post-type=\"page\">\n\t\t\t\t<div class=\"elementor-element elementor-element-5b6bde4 sessao1 e-flex e-con-boxed e-con e-parent\" data-id=\"5b6bde4\" data-element_type=\"container\" data-e-type=\"container\" data-settings=\"{&quot;background_background&quot;:&quot;classic&quot;}\">\n\t\t\t\t\t<div class=\"e-con-inner\">\n\t\t\t\t<div class=\"elementor-element elementor-element-f7ed359 elementor-widget elementor-widget-heading\" data-id=\"f7ed359\" data-element_type=\"widget\" data-e-type=\"widget\" data-widget_type=\"heading.default\">\n\t\t\t\t<div class=\"elementor-widget-container\">\n\t\t\t\t\t<h2 class=\"elementor-heading-title elementor-size-default\">Sobre nosotros<\/h2>\t\t\t\t<\/div>\n\t\t\t\t<\/div>\n\t\t\t\t\t<\/div>\n\t\t\t\t<\/div>\n\t\t<div class=\"elementor-element elementor-element-d91412e e-flex e-con-boxed e-con e-parent\" data-id=\"d91412e\" data-element_type=\"container\" data-e-type=\"container\">\n\t\t\t\t\t<div class=\"e-con-inner\">\n\t\t<div class=\"elementor-element elementor-element-59ca196 e-con-full e-flex e-con e-parent\" data-id=\"59ca196\" data-element_type=\"container\" data-e-type=\"container\">\n\t\t\t\t<div class=\"elementor-element elementor-element-0860331 banner-video elementor-widget elementor-widget-image\" data-id=\"0860331\" data-element_type=\"widget\" data-e-type=\"widget\" data-widget_type=\"image.default\">\n\t\t\t\t<div class=\"elementor-widget-container\">\n\t\t\t\t\t\t\t\t\t\t\t\t\t\t\t\t<a href=\"https:\/\/youtu.be\/dP6Nb59wesU\">\n\t\t\t\t\t\t\t<img fetchpriority=\"high\" decoding=\"async\" width=\"646\" height=\"537\" src=\"https:\/\/holiverbrass.com.br\/wp-content\/uploads\/2023\/07\/3-1.jpg\" class=\"attachment-large size-large wp-image-1192\" alt=\"\" srcset=\"https:\/\/holiverbrass.com.br\/wp-content\/uploads\/2023\/07\/3-1.jpg 646w, https:\/\/holiverbrass.com.br\/wp-content\/uploads\/2023\/07\/3-1-300x249.jpg 300w\" sizes=\"(max-width: 646px) 100vw, 646px\" \/>\t\t\t\t\t\t\t\t<\/a>\n\t\t\t\t\t\t\t\t\t\t\t\t\t\t\t<\/div>\n\t\t\t\t<\/div>\n\t\t\t\t<\/div>\n\t\t<div class=\"elementor-element elementor-element-b38705c e-con-full e-flex e-con e-parent\" data-id=\"b38705c\" data-element_type=\"container\" data-e-type=\"container\">\n\t\t\t\t<div class=\"elementor-element elementor-element-edb8f6a elementor-widget elementor-widget-heading\" data-id=\"edb8f6a\" data-element_type=\"widget\" data-e-type=\"widget\" data-widget_type=\"heading.default\">\n\t\t\t\t<div class=\"elementor-widget-container\">\n\t\t\t\t\t<h2 class=\"elementor-heading-title elementor-size-default\">Aprende un poco sobre la historia de Holiverbrass<\/h2>\t\t\t\t<\/div>\n\t\t\t\t<\/div>\n\t\t\t\t<div class=\"elementor-element elementor-element-f9f58b4 elementor-widget-divider--view-line elementor-widget elementor-widget-divider\" data-id=\"f9f58b4\" data-element_type=\"widget\" data-e-type=\"widget\" data-widget_type=\"divider.default\">\n\t\t\t\t<div class=\"elementor-widget-container\">\n\t\t\t\t\t\t\t<div class=\"elementor-divider\">\n\t\t\t<span class=\"elementor-divider-separator\">\n\t\t\t\t\t\t<\/span>\n\t\t<\/div>\n\t\t\t\t\t\t<\/div>\n\t\t\t\t<\/div>\n\t\t\t\t<div class=\"elementor-element elementor-element-727df2c elementor-widget elementor-widget-text-editor\" data-id=\"727df2c\" data-element_type=\"widget\" data-e-type=\"widget\" data-widget_type=\"text-editor.default\">\n\t\t\t\t<div class=\"elementor-widget-container\">\n\t\t\t\t\t\t\t\t\t<p>Fundada el 27 de enero de 2005, Holiverbrass ocupa hoy un lugar destacado en el sector de la galvanoplastia, con una capacidad de producci\u00f3n de Rectificadores Electr\u00f3nicos y de Alta Frecuencia de 10A a 60.000A, para procesos electrol\u00edticos y galv\u00e1nicos, tratamiento de efluentes, capas de cobre, sobre cilindros para gr\u00e1ficos uso, laboratorios, m\u00e1quinas de hilo continuo, lavado de piezas y otros metales, modelos especiales a pedido, siempre siguiendo un estricto est\u00e1ndar de calidad.<\/p><p>Debido a esta cualidad, Holiverbrass tiene una s\u00f3lida posici\u00f3n en el mercado. Presente en toda Am\u00e9rica Latina, con clientes en Brasil, Argentina, Chile, Per\u00fa, Colombia y M\u00e9xico, abasteciendo con sus productos a las industrias Aeroespacial, Automotriz, Agr\u00edcola, N\u00e1utica, Militar, Divisas, Gr\u00e1fica, Hogar y Decoraci\u00f3n, Moda, Metal Sanitario, Circuito Impreso , Ecoet Pintura, Matricer\u00eda y Joyer\u00eda.<\/p><p>Holiverbrass consolid\u00f3 un alto est\u00e1ndar de calidad y un profundo respeto por el Medio Ambiente y las pr\u00f3ximas generaciones.\u00a0\u00a0\u00a0<\/p><p><strong>Holiverbrass destaca por su capacidad productiva, calidad y stock, buscando siempre la plena satisfacci\u00f3n del cliente.<\/strong><\/p>\t\t\t\t\t\t\t\t<\/div>\n\t\t\t\t<\/div>\n\t\t\t\t<\/div>\n\t\t\t\t\t<\/div>\n\t\t\t\t<\/div>\n\t\t<div class=\"elementor-element elementor-element-3b4f443 e-flex e-con-boxed e-con e-parent\" data-id=\"3b4f443\" data-element_type=\"container\" data-e-type=\"container\">\n\t\t\t\t\t<div class=\"e-con-inner\">\n\t\t\t\t<div class=\"elementor-element elementor-element-0d33e07 elementor-widget__width-initial elementor-position-top elementor-widget elementor-widget-image-box\" data-id=\"0d33e07\" data-element_type=\"widget\" data-e-type=\"widget\" data-widget_type=\"image-box.default\">\n\t\t\t\t<div class=\"elementor-widget-container\">\n\t\t\t\t\t<div class=\"elementor-image-box-wrapper\"><figure class=\"elementor-image-box-img\"><img decoding=\"async\" width=\"56\" height=\"55\" src=\"https:\/\/holiverbrass.com.br\/wp-content\/uploads\/2023\/06\/icon_missao.png\" class=\"attachment-full size-full wp-image-735\" alt=\"\" \/><\/figure><div class=\"elementor-image-box-content\"><h3 class=\"elementor-image-box-title\">Miss\u00e3o<\/h3><p class=\"elementor-image-box-description\">Excel\u00eancia, qualidade, produtividade, sustentabilidade, \u00e9tica, credibilidade.\n<\/p><\/div><\/div>\t\t\t\t<\/div>\n\t\t\t\t<\/div>\n\t\t\t\t<div class=\"elementor-element elementor-element-70f0e7e elementor-widget__width-initial elementor-position-top elementor-widget elementor-widget-image-box\" data-id=\"70f0e7e\" data-element_type=\"widget\" data-e-type=\"widget\" data-widget_type=\"image-box.default\">\n\t\t\t\t<div class=\"elementor-widget-container\">\n\t\t\t\t\t<div class=\"elementor-image-box-wrapper\"><figure class=\"elementor-image-box-img\"><img decoding=\"async\" width=\"78\" height=\"50\" src=\"https:\/\/holiverbrass.com.br\/wp-content\/uploads\/2023\/06\/icon_visao.png\" class=\"attachment-full size-full wp-image-737\" alt=\"\" \/><\/figure><div class=\"elementor-image-box-content\"><h3 class=\"elementor-image-box-title\">Vis\u00e3o<\/h3><p class=\"elementor-image-box-description\">Ser refer\u00eancia global em nosso mercado de atua\u00e7\u00e3o, focado sempre no crescimento cont\u00ednuo com transpar\u00eancia e responsabilidade.<\/p><\/div><\/div>\t\t\t\t<\/div>\n\t\t\t\t<\/div>\n\t\t\t\t<div class=\"elementor-element elementor-element-350b8df elementor-widget__width-initial elementor-position-top elementor-widget elementor-widget-image-box\" data-id=\"350b8df\" data-element_type=\"widget\" data-e-type=\"widget\" data-widget_type=\"image-box.default\">\n\t\t\t\t<div class=\"elementor-widget-container\">\n\t\t\t\t\t<div class=\"elementor-image-box-wrapper\"><figure class=\"elementor-image-box-img\"><img loading=\"lazy\" decoding=\"async\" width=\"59\" height=\"59\" src=\"https:\/\/holiverbrass.com.br\/wp-content\/uploads\/2023\/06\/icon_valores.png\" class=\"attachment-full size-full wp-image-736\" alt=\"\" \/><\/figure><div class=\"elementor-image-box-content\"><h3 class=\"elementor-image-box-title\">valores<\/h3><p class=\"elementor-image-box-description\">Respeito \u00e0s pessoas e ao meio ambiente.\n\n\n<\/p><\/div><\/div>\t\t\t\t<\/div>\n\t\t\t\t<\/div>\n\t\t\t\t\t<\/div>\n\t\t\t\t<\/div>\n\t\t<div class=\"elementor-element elementor-element-3183479 e-flex e-con-boxed e-con e-parent\" data-id=\"3183479\" data-element_type=\"container\" data-e-type=\"container\" data-settings=\"{&quot;background_background&quot;:&quot;classic&quot;}\">\n\t\t\t\t\t<div class=\"e-con-inner\">\n\t\t\t\t<div class=\"elementor-element elementor-element-94729fc elementor-widget elementor-widget-heading\" data-id=\"94729fc\" data-element_type=\"widget\" data-e-type=\"widget\" data-widget_type=\"heading.default\">\n\t\t\t\t<div class=\"elementor-widget-container\">\n\t\t\t\t\t<h2 class=\"elementor-heading-title elementor-size-default\">equipos y accesorios<\/h2>\t\t\t\t<\/div>\n\t\t\t\t<\/div>\n\t\t\t\t<div class=\"elementor-element elementor-element-65b0f98 elementor-widget elementor-widget-text-editor\" data-id=\"65b0f98\" data-element_type=\"widget\" data-e-type=\"widget\" data-widget_type=\"text-editor.default\">\n\t\t\t\t<div class=\"elementor-widget-container\">\n\t\t\t\t\t\t\t\t\t<p>Productos de alta calidad para galvanoplastia.<\/p>\t\t\t\t\t\t\t\t<\/div>\n\t\t\t\t<\/div>\n\t\t\t\t<div class=\"elementor-element elementor-element-a37ffaa elementor-align-left cta elementor-widget elementor-widget-button\" data-id=\"a37ffaa\" data-element_type=\"widget\" data-e-type=\"widget\" data-widget_type=\"button.default\">\n\t\t\t\t<div class=\"elementor-widget-container\">\n\t\t\t\t\t\t\t\t\t<div class=\"elementor-button-wrapper\">\n\t\t\t\t\t<a class=\"elementor-button elementor-button-link elementor-size-sm\" href=\"https:\/\/api.whatsapp.com\/send?phone=5551982062707\">\n\t\t\t\t\t\t<span class=\"elementor-button-content-wrapper\">\n\t\t\t\t\t\t<span class=\"elementor-button-icon\">\n\t\t\t\t<svg xmlns=\"http:\/\/www.w3.org\/2000\/svg\" xmlns:xlink=\"http:\/\/www.w3.org\/1999\/xlink\" xmlns:svgjs=\"http:\/\/svgjs.com\/svgjs\" width=\"512\" height=\"512\" x=\"0\" y=\"0\" viewbox=\"0 0 473.806 473.806\" style=\"enable-background:new 0 0 512 512\" xml:space=\"preserve\" class=\"\"><g><path d=\"M374.456 293.506c-9.7-10.1-21.4-15.5-33.8-15.5-12.3 0-24.1 5.3-34.2 15.4l-31.6 31.5c-2.6-1.4-5.2-2.7-7.7-4-3.6-1.8-7-3.5-9.9-5.3-29.6-18.8-56.5-43.3-82.3-75-12.5-15.8-20.9-29.1-27-42.6 8.2-7.5 15.8-15.3 23.2-22.8 2.8-2.8 5.6-5.7 8.4-8.5 21-21 21-48.2 0-69.2l-27.3-27.3c-3.1-3.1-6.3-6.3-9.3-9.5-6-6.2-12.3-12.6-18.8-18.6-9.7-9.6-21.3-14.7-33.5-14.7s-24 5.1-34 14.7l-.2.2-34 34.3c-12.8 12.8-20.1 28.4-21.7 46.5-2.4 29.2 6.2 56.4 12.8 74.2 16.2 43.7 40.4 84.2 76.5 127.6 43.8 52.3 96.5 93.6 156.7 122.7 23 10.9 53.7 23.8 88 26 2.1.1 4.3.2 6.3.2 23.1 0 42.5-8.3 57.7-24.8.1-.2.3-.3.4-.5 5.2-6.3 11.2-12 17.5-18.1 4.3-4.1 8.7-8.4 13-12.9 9.9-10.3 15.1-22.3 15.1-34.6 0-12.4-5.3-24.3-15.4-34.3l-54.9-55.1zm35.8 105.3c-.1 0-.1.1 0 0-3.9 4.2-7.9 8-12.2 12.2-6.5 6.2-13.1 12.7-19.3 20-10.1 10.8-22 15.9-37.6 15.9-1.5 0-3.1 0-4.6-.1-29.7-1.9-57.3-13.5-78-23.4-56.6-27.4-106.3-66.3-147.6-115.6-34.1-41.1-56.9-79.1-72-119.9-9.3-24.9-12.7-44.3-11.2-62.6 1-11.7 5.5-21.4 13.8-29.7l34.1-34.1c4.9-4.6 10.1-7.1 15.2-7.1 6.3 0 11.4 3.8 14.6 7l.3.3c6.1 5.7 11.9 11.6 18 17.9 3.1 3.2 6.3 6.4 9.5 9.7l27.3 27.3c10.6 10.6 10.6 20.4 0 31-2.9 2.9-5.7 5.8-8.6 8.6-8.4 8.6-16.4 16.6-25.1 24.4-.2.2-.4.3-.5.5-8.6 8.6-7 17-5.2 22.7l.3.9c7.1 17.2 17.1 33.4 32.3 52.7l.1.1c27.6 34 56.7 60.5 88.8 80.8 4.1 2.6 8.3 4.7 12.3 6.7 3.6 1.8 7 3.5 9.9 5.3.4.2.8.5 1.2.7 3.4 1.7 6.6 2.5 9.9 2.5 8.3 0 13.5-5.2 15.2-6.9l34.2-34.2c3.4-3.4 8.8-7.5 15.1-7.5 6.2 0 11.3 3.9 14.4 7.3l.2.2 55.1 55.1c10.3 10.2 10.3 20.7.1 31.3zM256.056 112.706c26.2 4.4 50 16.8 69 35.8s31.3 42.8 35.8 69c1.1 6.6 6.8 11.2 13.3 11.2.8 0 1.5-.1 2.3-.2 7.4-1.2 12.3-8.2 11.1-15.6-5.4-31.7-20.4-60.6-43.3-83.5s-51.8-37.9-83.5-43.3c-7.4-1.2-14.3 3.7-15.6 11s3.5 14.4 10.9 15.6zM473.256 209.006c-8.9-52.2-33.5-99.7-71.3-137.5s-85.3-62.4-137.5-71.3c-7.3-1.3-14.2 3.7-15.5 11-1.2 7.4 3.7 14.3 11.1 15.6 46.6 7.9 89.1 30 122.9 63.7 33.8 33.8 55.8 76.3 63.7 122.9 1.1 6.6 6.8 11.2 13.3 11.2.8 0 1.5-.1 2.3-.2 7.3-1.1 12.3-8.1 11-15.4z\" fill=\"#ffffff\" data-original=\"#000000\" class=\"\"><\/path><\/g><\/svg>\t\t\t<\/span>\n\t\t\t\t\t\t\t\t\t<span class=\"elementor-button-text\">Hable con nosotros<br>51 98206-2707<\/span>\n\t\t\t\t\t<\/span>\n\t\t\t\t\t<\/a>\n\t\t\t\t<\/div>\n\t\t\t\t\t\t\t\t<\/div>\n\t\t\t\t<\/div>\n\t\t\t\t\t<\/div>\n\t\t\t\t<\/div>\n\t\t\t\t<\/div>","protected":false},"excerpt":{"rendered":"<p>Sobre n\u00f3s Conhe\u00e7a um pouco da hist\u00f3ria da Holiverbrass Fundada em 27 de janeiro de 2005, a Holiverbrass hoje, ocupa um lugar de destaque no setor de galvanoplastia, com capacidade produtiva de Retificadores Alta Frequ\u00eancia e Eletr\u00f4nicos de 10A \u00e0 60.000A, para processos eletrol\u00edticos, galv\u00e2nicos, tratamento de afluentes, camadas de cobre, acima de cilindros para [&hellip;]<\/p>","protected":false},"author":2,"featured_media":0,"parent":0,"menu_order":0,"comment_status":"closed","ping_status":"closed","template":"","meta":{"_acf_changed":false,"footnotes":""},"class_list":["post-17","page","type-page","status-publish","hentry"],"acf":[],"_links":{"self":[{"href":"https:\/\/holiverbrass.com.br\/es\/wp-json\/wp\/v2\/pages\/17","targetHints":{"allow":["GET"]}}],"collection":[{"href":"https:\/\/holiverbrass.com.br\/es\/wp-json\/wp\/v2\/pages"}],"about":[{"href":"https:\/\/holiverbrass.com.br\/es\/wp-json\/wp\/v2\/types\/page"}],"author":[{"embeddable":true,"href":"https:\/\/holiverbrass.com.br\/es\/wp-json\/wp\/v2\/users\/2"}],"replies":[{"embeddable":true,"href":"https:\/\/holiverbrass.com.br\/es\/wp-json\/wp\/v2\/comments?post=17"}],"version-history":[{"count":76,"href":"https:\/\/holiverbrass.com.br\/es\/wp-json\/wp\/v2\/pages\/17\/revisions"}],"predecessor-version":[{"id":1295,"href":"https:\/\/holiverbrass.com.br\/es\/wp-json\/wp\/v2\/pages\/17\/revisions\/1295"}],"wp:attachment":[{"href":"https:\/\/holiverbrass.com.br\/es\/wp-json\/wp\/v2\/media?parent=17"}],"curies":[{"name":"wp","href":"https:\/\/api.w.org\/{rel}","templated":true}]}}