{"id":20,"date":"2023-06-13T19:40:59","date_gmt":"2023-06-13T22:40:59","guid":{"rendered":"https:\/\/holiverbrass.com.br\/?page_id=20"},"modified":"2023-07-05T15:55:00","modified_gmt":"2023-07-05T18:55:00","slug":"segmentos","status":"publish","type":"page","link":"https:\/\/holiverbrass.com.br\/es\/segmentos\/","title":{"rendered":"Segmentos"},"content":{"rendered":"<div data-elementor-type=\"wp-page\" data-elementor-id=\"20\" class=\"elementor elementor-20\" data-elementor-post-type=\"page\">\n\t\t\t\t<div class=\"elementor-element elementor-element-c9c7488 sessao1 e-flex e-con-boxed e-con e-parent\" data-id=\"c9c7488\" data-element_type=\"container\" data-e-type=\"container\" data-settings=\"{&quot;background_background&quot;:&quot;classic&quot;}\">\n\t\t\t\t\t<div class=\"e-con-inner\">\n\t\t\t\t<div class=\"elementor-element elementor-element-96dca95 elementor-widget elementor-widget-heading\" data-id=\"96dca95\" data-element_type=\"widget\" data-e-type=\"widget\" data-widget_type=\"heading.default\">\n\t\t\t\t<div class=\"elementor-widget-container\">\n\t\t\t\t\t<h2 class=\"elementor-heading-title elementor-size-default\">Aonde a Holiverbrass est\u00e1<\/h2>\t\t\t\t<\/div>\n\t\t\t\t<\/div>\n\t\t\t\t\t<\/div>\n\t\t\t\t<\/div>\n\t\t<div class=\"elementor-element elementor-element-6d44120 e-flex e-con-boxed e-con e-parent\" data-id=\"6d44120\" data-element_type=\"container\" data-e-type=\"container\">\n\t\t\t\t\t<div class=\"e-con-inner\">\n\t\t\t\t<div class=\"elementor-element elementor-element-c813bab elementor-widget__width-initial setores elementor-widget elementor-widget-icon-box\" data-id=\"c813bab\" data-element_type=\"widget\" data-e-type=\"widget\" data-widget_type=\"icon-box.default\">\n\t\t\t\t<div class=\"elementor-widget-container\">\n\t\t\t\t\t\t\t<div class=\"elementor-icon-box-wrapper\">\n\n\t\t\t\n\t\t\t\t\t\t<div class=\"elementor-icon-box-content\">\n\n\t\t\t\t\t\t\t\t\t<h3 class=\"elementor-icon-box-title\">\n\t\t\t\t\t\t<span  >\n\t\t\t\t\t\t\taeronave\t\t\t\t\t\t<\/span>\n\t\t\t\t\t<\/h3>\n\t\t\t\t\n\t\t\t\t\n\t\t\t<\/div>\n\t\t\t\n\t\t<\/div>\n\t\t\t\t\t\t<\/div>\n\t\t\t\t<\/div>\n\t\t\t\t<div class=\"elementor-element elementor-element-53e821e elementor-widget__width-initial setores elementor-widget elementor-widget-icon-box\" data-id=\"53e821e\" data-element_type=\"widget\" data-e-type=\"widget\" data-widget_type=\"icon-box.default\">\n\t\t\t\t<div class=\"elementor-widget-container\">\n\t\t\t\t\t\t\t<div class=\"elementor-icon-box-wrapper\">\n\n\t\t\t\n\t\t\t\t\t\t<div class=\"elementor-icon-box-content\">\n\n\t\t\t\t\t\t\t\t\t<h3 class=\"elementor-icon-box-title\">\n\t\t\t\t\t\t<span  >\n\t\t\t\t\t\t\tAutomotor\t\t\t\t\t\t<\/span>\n\t\t\t\t\t<\/h3>\n\t\t\t\t\n\t\t\t\t\n\t\t\t<\/div>\n\t\t\t\n\t\t<\/div>\n\t\t\t\t\t\t<\/div>\n\t\t\t\t<\/div>\n\t\t\t\t<div class=\"elementor-element elementor-element-05ad013 elementor-widget__width-initial setores elementor-widget elementor-widget-icon-box\" data-id=\"05ad013\" data-element_type=\"widget\" data-e-type=\"widget\" data-widget_type=\"icon-box.default\">\n\t\t\t\t<div class=\"elementor-widget-container\">\n\t\t\t\t\t\t\t<div class=\"elementor-icon-box-wrapper\">\n\n\t\t\t\n\t\t\t\t\t\t<div class=\"elementor-icon-box-content\">\n\n\t\t\t\t\t\t\t\t\t<h3 class=\"elementor-icon-box-title\">\n\t\t\t\t\t\t<span  >\n\t\t\t\t\t\t\tAgr\u00edcola\t\t\t\t\t\t<\/span>\n\t\t\t\t\t<\/h3>\n\t\t\t\t\n\t\t\t\t\n\t\t\t<\/div>\n\t\t\t\n\t\t<\/div>\n\t\t\t\t\t\t<\/div>\n\t\t\t\t<\/div>\n\t\t\t\t<div class=\"elementor-element elementor-element-dbc75b1 elementor-widget__width-initial setores elementor-widget elementor-widget-icon-box\" data-id=\"dbc75b1\" data-element_type=\"widget\" data-e-type=\"widget\" data-widget_type=\"icon-box.default\">\n\t\t\t\t<div class=\"elementor-widget-container\">\n\t\t\t\t\t\t\t<div class=\"elementor-icon-box-wrapper\">\n\n\t\t\t\n\t\t\t\t\t\t<div class=\"elementor-icon-box-content\">\n\n\t\t\t\t\t\t\t\t\t<h3 class=\"elementor-icon-box-title\">\n\t\t\t\t\t\t<span  >\n\t\t\t\t\t\t\tMoneda y Gr\u00e1fico\t\t\t\t\t\t<\/span>\n\t\t\t\t\t<\/h3>\n\t\t\t\t\n\t\t\t\t\n\t\t\t<\/div>\n\t\t\t\n\t\t<\/div>\n\t\t\t\t\t\t<\/div>\n\t\t\t\t<\/div>\n\t\t\t\t<div class=\"elementor-element elementor-element-c737103 elementor-widget__width-initial setores elementor-widget elementor-widget-icon-box\" data-id=\"c737103\" data-element_type=\"widget\" data-e-type=\"widget\" data-widget_type=\"icon-box.default\">\n\t\t\t\t<div class=\"elementor-widget-container\">\n\t\t\t\t\t\t\t<div class=\"elementor-icon-box-wrapper\">\n\n\t\t\t\n\t\t\t\t\t\t<div class=\"elementor-icon-box-content\">\n\n\t\t\t\t\t\t\t\t\t<h3 class=\"elementor-icon-box-title\">\n\t\t\t\t\t\t<span  >\n\t\t\t\t\t\t\tTratamiento Tributario\t\t\t\t\t\t<\/span>\n\t\t\t\t\t<\/h3>\n\t\t\t\t\n\t\t\t\t\n\t\t\t<\/div>\n\t\t\t\n\t\t<\/div>\n\t\t\t\t\t\t<\/div>\n\t\t\t\t<\/div>\n\t\t\t\t<div class=\"elementor-element elementor-element-5a20ca8 elementor-widget__width-initial setores elementor-widget elementor-widget-icon-box\" data-id=\"5a20ca8\" data-element_type=\"widget\" data-e-type=\"widget\" data-widget_type=\"icon-box.default\">\n\t\t\t\t<div class=\"elementor-widget-container\">\n\t\t\t\t\t\t\t<div class=\"elementor-icon-box-wrapper\">\n\n\t\t\t\n\t\t\t\t\t\t<div class=\"elementor-icon-box-content\">\n\n\t\t\t\t\t\t\t\t\t<h3 class=\"elementor-icon-box-title\">\n\t\t\t\t\t\t<span  >\n\t\t\t\t\t\t\tJoyas\t\t\t\t\t\t<\/span>\n\t\t\t\t\t<\/h3>\n\t\t\t\t\n\t\t\t\t\n\t\t\t<\/div>\n\t\t\t\n\t\t<\/div>\n\t\t\t\t\t\t<\/div>\n\t\t\t\t<\/div>\n\t\t\t\t<div class=\"elementor-element elementor-element-124baf1 elementor-widget__width-initial setores elementor-widget elementor-widget-icon-box\" data-id=\"124baf1\" data-element_type=\"widget\" data-e-type=\"widget\" data-widget_type=\"icon-box.default\">\n\t\t\t\t<div class=\"elementor-widget-container\">\n\t\t\t\t\t\t\t<div class=\"elementor-icon-box-wrapper\">\n\n\t\t\t\n\t\t\t\t\t\t<div class=\"elementor-icon-box-content\">\n\n\t\t\t\t\t\t\t\t\t<h3 class=\"elementor-icon-box-title\">\n\t\t\t\t\t\t<span  >\n\t\t\t\t\t\t\tgimnasios\t\t\t\t\t\t<\/span>\n\t\t\t\t\t<\/h3>\n\t\t\t\t\n\t\t\t\t\n\t\t\t<\/div>\n\t\t\t\n\t\t<\/div>\n\t\t\t\t\t\t<\/div>\n\t\t\t\t<\/div>\n\t\t\t\t<div class=\"elementor-element elementor-element-4577e81 elementor-widget__width-initial setores elementor-widget elementor-widget-icon-box\" data-id=\"4577e81\" data-element_type=\"widget\" data-e-type=\"widget\" data-widget_type=\"icon-box.default\">\n\t\t\t\t<div class=\"elementor-widget-container\">\n\t\t\t\t\t\t\t<div class=\"elementor-icon-box-wrapper\">\n\n\t\t\t\n\t\t\t\t\t\t<div class=\"elementor-icon-box-content\">\n\n\t\t\t\t\t\t\t\t\t<h3 class=\"elementor-icon-box-title\">\n\t\t\t\t\t\t<span  >\n\t\t\t\t\t\t\tCerraduras\t\t\t\t\t\t<\/span>\n\t\t\t\t\t<\/h3>\n\t\t\t\t\n\t\t\t\t\n\t\t\t<\/div>\n\t\t\t\n\t\t<\/div>\n\t\t\t\t\t\t<\/div>\n\t\t\t\t<\/div>\n\t\t\t\t<div class=\"elementor-element elementor-element-ac4061f elementor-widget__width-initial setores elementor-widget elementor-widget-icon-box\" data-id=\"ac4061f\" data-element_type=\"widget\" data-e-type=\"widget\" data-widget_type=\"icon-box.default\">\n\t\t\t\t<div class=\"elementor-widget-container\">\n\t\t\t\t\t\t\t<div class=\"elementor-icon-box-wrapper\">\n\n\t\t\t\n\t\t\t\t\t\t<div class=\"elementor-icon-box-content\">\n\n\t\t\t\t\t\t\t\t\t<h3 class=\"elementor-icon-box-title\">\n\t\t\t\t\t\t<span  >\n\t\t\t\t\t\t\tduchas\t\t\t\t\t\t<\/span>\n\t\t\t\t\t<\/h3>\n\t\t\t\t\n\t\t\t\t\n\t\t\t<\/div>\n\t\t\t\n\t\t<\/div>\n\t\t\t\t\t\t<\/div>\n\t\t\t\t<\/div>\n\t\t\t\t<div class=\"elementor-element elementor-element-bf3002a elementor-widget__width-initial setores elementor-widget elementor-widget-icon-box\" data-id=\"bf3002a\" data-element_type=\"widget\" data-e-type=\"widget\" data-widget_type=\"icon-box.default\">\n\t\t\t\t<div class=\"elementor-widget-container\">\n\t\t\t\t\t\t\t<div class=\"elementor-icon-box-wrapper\">\n\n\t\t\t\n\t\t\t\t\t\t<div class=\"elementor-icon-box-content\">\n\n\t\t\t\t\t\t\t\t\t<h3 class=\"elementor-icon-box-title\">\n\t\t\t\t\t\t<span  >\n\t\t\t\t\t\t\tM\u00e9dico y Dental\t\t\t\t\t\t<\/span>\n\t\t\t\t\t<\/h3>\n\t\t\t\t\n\t\t\t\t\n\t\t\t<\/div>\n\t\t\t\n\t\t<\/div>\n\t\t\t\t\t\t<\/div>\n\t\t\t\t<\/div>\n\t\t\t\t<div class=\"elementor-element elementor-element-b87eeb5 elementor-widget__width-initial setores elementor-widget elementor-widget-icon-box\" data-id=\"b87eeb5\" data-element_type=\"widget\" data-e-type=\"widget\" data-widget_type=\"icon-box.default\">\n\t\t\t\t<div class=\"elementor-widget-container\">\n\t\t\t\t\t\t\t<div class=\"elementor-icon-box-wrapper\">\n\n\t\t\t\n\t\t\t\t\t\t<div class=\"elementor-icon-box-content\">\n\n\t\t\t\t\t\t\t\t\t<h3 class=\"elementor-icon-box-title\">\n\t\t\t\t\t\t<span  >\n\t\t\t\t\t\t\tMilitar\t\t\t\t\t\t<\/span>\n\t\t\t\t\t<\/h3>\n\t\t\t\t\n\t\t\t\t\n\t\t\t<\/div>\n\t\t\t\n\t\t<\/div>\n\t\t\t\t\t\t<\/div>\n\t\t\t\t<\/div>\n\t\t\t\t<div class=\"elementor-element elementor-element-d10515a elementor-widget__width-initial setores elementor-widget elementor-widget-icon-box\" data-id=\"d10515a\" data-element_type=\"widget\" data-e-type=\"widget\" data-widget_type=\"icon-box.default\">\n\t\t\t\t<div class=\"elementor-widget-container\">\n\t\t\t\t\t\t\t<div class=\"elementor-icon-box-wrapper\">\n\n\t\t\t\n\t\t\t\t\t\t<div class=\"elementor-icon-box-content\">\n\n\t\t\t\t\t\t\t\t\t<h3 class=\"elementor-icon-box-title\">\n\t\t\t\t\t\t<span  >\n\t\t\t\t\t\t\tModa y Decoraci\u00f3n\t\t\t\t\t\t<\/span>\n\t\t\t\t\t<\/h3>\n\t\t\t\t\n\t\t\t\t\n\t\t\t<\/div>\n\t\t\t\n\t\t<\/div>\n\t\t\t\t\t\t<\/div>\n\t\t\t\t<\/div>\n\t\t\t\t\t<\/div>\n\t\t\t\t<\/div>\n\t\t<div class=\"elementor-element elementor-element-9c7c70f e-flex e-con-boxed e-con e-parent\" data-id=\"9c7c70f\" data-element_type=\"container\" data-e-type=\"container\" data-settings=\"{&quot;background_background&quot;:&quot;classic&quot;}\">\n\t\t\t\t\t<div class=\"e-con-inner\">\n\t\t\t\t<div class=\"elementor-element elementor-element-afc3ca7 elementor-widget elementor-widget-heading\" data-id=\"afc3ca7\" data-element_type=\"widget\" data-e-type=\"widget\" data-widget_type=\"heading.default\">\n\t\t\t\t<div class=\"elementor-widget-container\">\n\t\t\t\t\t<h2 class=\"elementor-heading-title elementor-size-default\">equipos y accesorios<\/h2>\t\t\t\t<\/div>\n\t\t\t\t<\/div>\n\t\t\t\t<div class=\"elementor-element elementor-element-91433d4 elementor-widget elementor-widget-text-editor\" data-id=\"91433d4\" data-element_type=\"widget\" data-e-type=\"widget\" data-widget_type=\"text-editor.default\">\n\t\t\t\t<div class=\"elementor-widget-container\">\n\t\t\t\t\t\t\t\t\t<p>Productos de alta calidad para galvanoplastia.<\/p>\t\t\t\t\t\t\t\t<\/div>\n\t\t\t\t<\/div>\n\t\t\t\t<div class=\"elementor-element elementor-element-ab632f2 elementor-align-left cta elementor-widget elementor-widget-button\" data-id=\"ab632f2\" data-element_type=\"widget\" data-e-type=\"widget\" data-widget_type=\"button.default\">\n\t\t\t\t<div class=\"elementor-widget-container\">\n\t\t\t\t\t\t\t\t\t<div class=\"elementor-button-wrapper\">\n\t\t\t\t\t<a class=\"elementor-button elementor-button-link elementor-size-sm\" href=\"https:\/\/api.whatsapp.com\/send?phone=5551982062707\">\n\t\t\t\t\t\t<span class=\"elementor-button-content-wrapper\">\n\t\t\t\t\t\t<span class=\"elementor-button-icon\">\n\t\t\t\t<svg xmlns=\"http:\/\/www.w3.org\/2000\/svg\" xmlns:xlink=\"http:\/\/www.w3.org\/1999\/xlink\" xmlns:svgjs=\"http:\/\/svgjs.com\/svgjs\" width=\"512\" height=\"512\" x=\"0\" y=\"0\" viewbox=\"0 0 473.806 473.806\" style=\"enable-background:new 0 0 512 512\" xml:space=\"preserve\" class=\"\"><g><path d=\"M374.456 293.506c-9.7-10.1-21.4-15.5-33.8-15.5-12.3 0-24.1 5.3-34.2 15.4l-31.6 31.5c-2.6-1.4-5.2-2.7-7.7-4-3.6-1.8-7-3.5-9.9-5.3-29.6-18.8-56.5-43.3-82.3-75-12.5-15.8-20.9-29.1-27-42.6 8.2-7.5 15.8-15.3 23.2-22.8 2.8-2.8 5.6-5.7 8.4-8.5 21-21 21-48.2 0-69.2l-27.3-27.3c-3.1-3.1-6.3-6.3-9.3-9.5-6-6.2-12.3-12.6-18.8-18.6-9.7-9.6-21.3-14.7-33.5-14.7s-24 5.1-34 14.7l-.2.2-34 34.3c-12.8 12.8-20.1 28.4-21.7 46.5-2.4 29.2 6.2 56.4 12.8 74.2 16.2 43.7 40.4 84.2 76.5 127.6 43.8 52.3 96.5 93.6 156.7 122.7 23 10.9 53.7 23.8 88 26 2.1.1 4.3.2 6.3.2 23.1 0 42.5-8.3 57.7-24.8.1-.2.3-.3.4-.5 5.2-6.3 11.2-12 17.5-18.1 4.3-4.1 8.7-8.4 13-12.9 9.9-10.3 15.1-22.3 15.1-34.6 0-12.4-5.3-24.3-15.4-34.3l-54.9-55.1zm35.8 105.3c-.1 0-.1.1 0 0-3.9 4.2-7.9 8-12.2 12.2-6.5 6.2-13.1 12.7-19.3 20-10.1 10.8-22 15.9-37.6 15.9-1.5 0-3.1 0-4.6-.1-29.7-1.9-57.3-13.5-78-23.4-56.6-27.4-106.3-66.3-147.6-115.6-34.1-41.1-56.9-79.1-72-119.9-9.3-24.9-12.7-44.3-11.2-62.6 1-11.7 5.5-21.4 13.8-29.7l34.1-34.1c4.9-4.6 10.1-7.1 15.2-7.1 6.3 0 11.4 3.8 14.6 7l.3.3c6.1 5.7 11.9 11.6 18 17.9 3.1 3.2 6.3 6.4 9.5 9.7l27.3 27.3c10.6 10.6 10.6 20.4 0 31-2.9 2.9-5.7 5.8-8.6 8.6-8.4 8.6-16.4 16.6-25.1 24.4-.2.2-.4.3-.5.5-8.6 8.6-7 17-5.2 22.7l.3.9c7.1 17.2 17.1 33.4 32.3 52.7l.1.1c27.6 34 56.7 60.5 88.8 80.8 4.1 2.6 8.3 4.7 12.3 6.7 3.6 1.8 7 3.5 9.9 5.3.4.2.8.5 1.2.7 3.4 1.7 6.6 2.5 9.9 2.5 8.3 0 13.5-5.2 15.2-6.9l34.2-34.2c3.4-3.4 8.8-7.5 15.1-7.5 6.2 0 11.3 3.9 14.4 7.3l.2.2 55.1 55.1c10.3 10.2 10.3 20.7.1 31.3zM256.056 112.706c26.2 4.4 50 16.8 69 35.8s31.3 42.8 35.8 69c1.1 6.6 6.8 11.2 13.3 11.2.8 0 1.5-.1 2.3-.2 7.4-1.2 12.3-8.2 11.1-15.6-5.4-31.7-20.4-60.6-43.3-83.5s-51.8-37.9-83.5-43.3c-7.4-1.2-14.3 3.7-15.6 11s3.5 14.4 10.9 15.6zM473.256 209.006c-8.9-52.2-33.5-99.7-71.3-137.5s-85.3-62.4-137.5-71.3c-7.3-1.3-14.2 3.7-15.5 11-1.2 7.4 3.7 14.3 11.1 15.6 46.6 7.9 89.1 30 122.9 63.7 33.8 33.8 55.8 76.3 63.7 122.9 1.1 6.6 6.8 11.2 13.3 11.2.8 0 1.5-.1 2.3-.2 7.3-1.1 12.3-8.1 11-15.4z\" fill=\"#ffffff\" data-original=\"#000000\" class=\"\"><\/path><\/g><\/svg>\t\t\t<\/span>\n\t\t\t\t\t\t\t\t\t<span class=\"elementor-button-text\">Hable con nosotros<br>51 98206-2707<\/span>\n\t\t\t\t\t<\/span>\n\t\t\t\t\t<\/a>\n\t\t\t\t<\/div>\n\t\t\t\t\t\t\t\t<\/div>\n\t\t\t\t<\/div>\n\t\t\t\t\t<\/div>\n\t\t\t\t<\/div>\n\t\t\t\t<\/div>","protected":false},"excerpt":{"rendered":"<p>Aonde a Holiverbrass est\u00e1 Aeronaves Automotivo Agr\u00edcola Moeda e Gr\u00e1fico Tratamento de Afluentes J\u00f3ias Academias Fechaduras Chuveiros M\u00e9dica e Odontol\u00f3gica Militar Moda e Decora\u00e7\u00e3o equipamentos e acesss\u00f3rios Produtos de alta qualidade para galvanoplastia. Fale conosco51 98206-2707<\/p>","protected":false},"author":2,"featured_media":0,"parent":0,"menu_order":0,"comment_status":"closed","ping_status":"closed","template":"","meta":{"_acf_changed":false,"footnotes":""},"class_list":["post-20","page","type-page","status-publish","hentry"],"acf":[],"_links":{"self":[{"href":"https:\/\/holiverbrass.com.br\/es\/wp-json\/wp\/v2\/pages\/20","targetHints":{"allow":["GET"]}}],"collection":[{"href":"https:\/\/holiverbrass.com.br\/es\/wp-json\/wp\/v2\/pages"}],"about":[{"href":"https:\/\/holiverbrass.com.br\/es\/wp-json\/wp\/v2\/types\/page"}],"author":[{"embeddable":true,"href":"https:\/\/holiverbrass.com.br\/es\/wp-json\/wp\/v2\/users\/2"}],"replies":[{"embeddable":true,"href":"https:\/\/holiverbrass.com.br\/es\/wp-json\/wp\/v2\/comments?post=20"}],"version-history":[{"count":43,"href":"https:\/\/holiverbrass.com.br\/es\/wp-json\/wp\/v2\/pages\/20\/revisions"}],"predecessor-version":[{"id":1307,"href":"https:\/\/holiverbrass.com.br\/es\/wp-json\/wp\/v2\/pages\/20\/revisions\/1307"}],"wp:attachment":[{"href":"https:\/\/holiverbrass.com.br\/es\/wp-json\/wp\/v2\/media?parent=20"}],"curies":[{"name":"wp","href":"https:\/\/api.w.org\/{rel}","templated":true}]}}